{"id":2,"date":"2025-07-29T16:57:22","date_gmt":"2025-07-29T13:57:22","guid":{"rendered":"http:\/\/www.krimalnieki.com\/?page_id=2"},"modified":"2025-10-01T14:33:04","modified_gmt":"2025-10-01T11:33:04","slug":"paraug-lapa","status":"publish","type":"page","link":"https:\/\/www.krimalnieki.com\/","title":{"rendered":""},"content":{"rendered":"\n<p><img loading=\"lazy\" decoding=\"async\" width=\"30\" height=\"30\" class=\"wp-image-105\" style=\"width: 30px;\" src=\"http:\/\/www.krimalnieki.com\/wp-content\/uploads\/2025\/10\/icons8-phone-50.png\" alt=\"\">\u00a0<a href=\"tel:26883916\">26883916<\/a>,\u00a0<a href=\"tel:20405386\">20405386<\/a><\/p>\n\n\n\n<p><img loading=\"lazy\" decoding=\"async\" width=\"30\" height=\"30\" class=\"wp-image-108\" style=\"width: 30px;\" src=\"http:\/\/www.krimalnieki.com\/wp-content\/uploads\/2025\/10\/icons8-email-50.png\" alt=\"\">\u00a0<a href=\"mailto:ralfspinkis15@gmail.com\">ralfspinkis15@gmail.com<\/a><\/p>\n\n\n\n<blockquote class=\"wp-block-quote is-layout-flow wp-block-quote-is-layout-flow\">\n<p><\/p>\n<\/blockquote>\n\n\n\n<figure class=\"wp-block-table\"><table class=\"has-fixed-layout\"><tbody><tr><td>Adrese<\/td><td><img decoding=\"async\" src=\"https:\/\/viesunamiem.lv\/images\/icon_address.png\" alt=\"address\">&nbsp;Limba\u017eu novads, Liepupes pag, T\u016bja, Krimalnieki 1<\/td><\/tr><tr><td>Sezona<\/td><td>15.05 &#8211; 15.09<\/td><\/tr><tr><td>Mar\u0161ruts<\/td><td><strong>60 km<\/strong>&nbsp;<a href=\"https:\/\/maps.google.com\/?saddr=Current+Location&amp;daddr=57.50310945747077,24.382299625195675\" target=\"_blank\" rel=\"noreferrer noopener\">no R\u012bgas uz atp\u016btas vietu<\/a><\/td><\/tr><tr><td>Sazin\u0101\u0161an\u0101s<\/td><td><img loading=\"lazy\" decoding=\"async\" width=\"48\" height=\"48\" class=\"wp-image-113\" style=\"width: 48px;\" src=\"http:\/\/www.krimalnieki.com\/wp-content\/uploads\/2025\/10\/icons8-latvia-48.png\" alt=\"\"> <img loading=\"lazy\" decoding=\"async\" width=\"48\" height=\"48\" class=\"wp-image-112\" style=\"width: 48px;\" src=\"http:\/\/www.krimalnieki.com\/wp-content\/uploads\/2025\/10\/icons8-great-britain-48.png\" alt=\"\"> <img loading=\"lazy\" decoding=\"async\" width=\"48\" height=\"48\" class=\"wp-image-111\" style=\"width: 48px;\" src=\"http:\/\/www.krimalnieki.com\/wp-content\/uploads\/2025\/10\/icons8-germany-48.png\" alt=\"\"> <img loading=\"lazy\" decoding=\"async\" width=\"48\" height=\"48\" class=\"wp-image-110\" style=\"width: 48px;\" src=\"http:\/\/www.krimalnieki.com\/wp-content\/uploads\/2025\/10\/icons8-france-48.png\" alt=\"\"> Rus<\/td><\/tr><\/tbody><\/table><\/figure>\n\n\n\n<p>Atp\u016btas vieta &#8220;Krimalnieki&#8221; ir t\u016brisma objekts Latvij\u0101, kas atrodas skaistaj\u0101 &#8220;Vidzemes akme\u0146ainaj\u0101 j\u016brmal\u0101&#8221;. \u0160eit pied\u0101v\u0101jam da\u017e\u0101das iesp\u0113jas akt\u012bvai un mier\u012bgai atp\u016btai, tostarp pastaigas, peldes un kempinga vietas. Krimalnieki ir ide\u0101la vieta, lai izb\u0113gtu no ikdienas steigas un baud\u012btu dabas skaistumu, svaigu gaisu un relaks\u0113jo\u0161u atmosf\u0113ru. \u0160eit var atp\u016bsties gan \u0123imenes, gan draugu komp\u0101nijas, izbaudot dabas mieru un klusumu, k\u0101 ar\u012b b\u0101ru j\u016bras krast\u0101.<\/p>\n\n\n\nngg_shortcode_0_placeholder\n","protected":false},"excerpt":{"rendered":"<p>\u00a026883916,\u00a020405386 \u00a0ralfspinkis15@gmail.com Adrese &nbsp;Limba\u017eu novads, Liepupes pag, T\u016bja, Krimalnieki 1 Sezona 15.05 &#8211; 15.09 Mar\u0161ruts 60 km&nbsp;no R\u012bgas uz atp\u016btas vietu Sazin\u0101\u0161an\u0101s Rus Atp\u016btas vieta &#8220;Krimalnieki&#8221; ir t\u016brisma objekts Latvij\u0101, kas atrodas skaistaj\u0101 &#8220;Vidzemes akme\u0146ainaj\u0101 j\u016brmal\u0101&#8221;. \u0160eit pied\u0101v\u0101jam da\u017e\u0101das iesp\u0113jas akt\u012bvai un mier\u012bgai atp\u016btai, tostarp pastaigas, peldes un kempinga vietas. Krimalnieki ir ide\u0101la vieta, lai izb\u0113gtu no ikdienas steigas un baud\u012btu dabas skaistumu, svaigu gaisu un relaks\u0113jo\u0161u atmosf\u0113ru. \u0160eit var atp\u016bsties gan \u0123imenes, gan draugu komp\u0101nijas, izbaudot dabas mieru un klusumu, k\u0101 ar\u012b b\u0101ru j\u016bras krast\u0101.<\/p>\n","protected":false},"author":1,"featured_media":0,"parent":0,"menu_order":0,"comment_status":"closed","ping_status":"open","template":"","meta":{"ngg_post_thumbnail":0,"footnotes":""},"class_list":["post-2","page","type-page","status-publish","hentry"],"_links":{"self":[{"href":"https:\/\/www.krimalnieki.com\/index.php?rest_route=\/wp\/v2\/pages\/2","targetHints":{"allow":["GET"]}}],"collection":[{"href":"https:\/\/www.krimalnieki.com\/index.php?rest_route=\/wp\/v2\/pages"}],"about":[{"href":"https:\/\/www.krimalnieki.com\/index.php?rest_route=\/wp\/v2\/types\/page"}],"author":[{"embeddable":true,"href":"https:\/\/www.krimalnieki.com\/index.php?rest_route=\/wp\/v2\/users\/1"}],"replies":[{"embeddable":true,"href":"https:\/\/www.krimalnieki.com\/index.php?rest_route=%2Fwp%2Fv2%2Fcomments&post=2"}],"version-history":[{"count":12,"href":"https:\/\/www.krimalnieki.com\/index.php?rest_route=\/wp\/v2\/pages\/2\/revisions"}],"predecessor-version":[{"id":114,"href":"https:\/\/www.krimalnieki.com\/index.php?rest_route=\/wp\/v2\/pages\/2\/revisions\/114"}],"wp:attachment":[{"href":"https:\/\/www.krimalnieki.com\/index.php?rest_route=%2Fwp%2Fv2%2Fmedia&parent=2"}],"curies":[{"name":"wp","href":"https:\/\/api.w.org\/{rel}","templated":true}]}}